{"id":3122,"date":"2021-07-26T15:34:43","date_gmt":"2021-07-26T13:34:43","guid":{"rendered":"https:\/\/galta.it\/?page_id=3122"},"modified":"2024-08-28T10:20:19","modified_gmt":"2024-08-28T08:20:19","slug":"hebebuehnen-fuer-den-reifenwechsel","status":"publish","type":"page","link":"https:\/\/galta.it\/de\/hebebuehnen-fuer-den-reifenwechsel\/","title":{"rendered":"Ortsfeste und bewegliche Hebeb\u00fchnen f\u00fcr den Reifenwechsel"},"content":{"rendered":"<div class=\"wpb-content-wrapper\"><p>[vc_row css_animation=&#8220;&#8220; row_type=&#8220;row&#8220; use_row_as_full_screen_section=&#8220;no&#8220; type=&#8220;grid&#8220; angled_section=&#8220;no&#8220; text_align=&#8220;left&#8220; background_image_as_pattern=&#8220;without_pattern&#8220; z_index=&#8220;&#8220; css=&#8220;.vc_custom_1613036903885{padding-top: 40px !important;padding-bottom: 40px !important;}&#8220;][vc_column][qode_elements_holder number_of_columns=&#8220;two_columns&#8220;][qode_elements_holder_item vertical_alignment=&#8220;top&#8220; advanced_animations=&#8220;no&#8220; item_padding=&#8220;40px&#8220;][vc_column_text]<\/p>\n<h2>Ortsfeste und bewegliche Hebeb\u00fchnen f\u00fcr den Reifenwechsel<\/h2>\n<p>[\/vc_column_text][vc_empty_space][vc_column_text]<\/p>\n<h3>Speziell f\u00fcr Reifenwerkst\u00e4tten geeignet. Die R\u00e4der bleiben frei und gut zug\u00e4nglich.<\/h3>\n<p>[\/vc_column_text][vc_empty_space][vc_column_text]Ideal f\u00fcr den Reifenwechsel dank seiner Hubgeschwindigkeit und dem einfachen Zugang zur Hubh\u00f6he, sodass der Mechaniker in aufrechter Position arbeiten kann.[\/vc_column_text][vc_empty_space][vc_column_text]ANMERKUNG: Das Modell GT-MR3.0 und das bewegliche Modell GT-MR3.0 MOBILE optimieren die Platzverh\u00e4ltnisse und erleichtern die Verstellungen innerhalb des Arbeitsbereichs.[\/vc_column_text][\/qode_elements_holder_item][qode_elements_holder_item vertical_alignment=&#8220;top&#8220; advanced_animations=&#8220;no&#8220; item_padding=&#8220;40px&#8220;][vc_column_text]<\/p>\n<h4>Erh\u00e4ltliche Modelle<\/h4>\n<p>[\/vc_column_text][vc_empty_space][vc_row_inner row_type=&#8220;row&#8220; type=&#8220;full_width&#8220; text_align=&#8220;left&#8220; css_animation=&#8220;&#8220;][vc_column_inner width=&#8220;1\/2&#8243;][vc_single_image image=&#8220;2669&#8243; img_size=&#8220;full&#8220; onclick=&#8220;link_image&#8220; qode_css_animation=&#8220;&#8220;][vc_empty_space][vc_column_text]<\/p>\n<h5>GT-MR3.0<\/h5>\n<p>[\/vc_column_text][\/vc_column_inner][vc_column_inner width=&#8220;1\/2&#8243;][vc_single_image image=&#8220;2671&#8243; img_size=&#8220;full&#8220; onclick=&#8220;link_image&#8220; qode_css_animation=&#8220;&#8220;][vc_empty_space][vc_column_text]<\/p>\n<h5>GT-MR3.0 MOBILE<\/h5>\n<p>[\/vc_column_text][\/vc_column_inner][\/vc_row_inner][\/qode_elements_holder_item][\/qode_elements_holder][\/vc_column][\/vc_row][vc_row css_animation=&#8220;&#8220; row_type=&#8220;row&#8220; use_row_as_full_screen_section=&#8220;no&#8220; type=&#8220;grid&#8220; angled_section=&#8220;no&#8220; text_align=&#8220;center&#8220; background_image_as_pattern=&#8220;without_pattern&#8220; bg_type=&#8220;image&#8220; parallax_style=&#8220;vcpb-vz-jquery&#8220; bg_image_new=&#8220;id^2419|url^http:\/\/galta.it\/wp-content\/uploads\/2021\/02\/GLT_Fascia03.jpg|caption^null|alt^null|title^GLT_Fascia03|description^null&#8220; bg_image_repeat=&#8220;no-repeat&#8220; bg_img_attach=&#8220;fixed&#8220; bg_override=&#8220;ex-full&#8220; z_index=&#8220;&#8220;][vc_column css=&#8220;.vc_custom_1598371354115{padding-top: 100px !important;padding-bottom: 100px !important;}&#8220;]\n\n\t<a href=\"https:\/\/galta.it\/wp-content\/uploads\/2024\/08\/CATALOGO_GALTA-2024_Forbice.pdf\" target=\"_blank\" style=\"font-size: 12px\" class=\"qode-btn qode-btn-medium qode-btn-solid qode-btn-icon qode-btn-icon-square qode-btn-icon-rotate\"  >\n\t    <span class=\"qode-btn-text\">KATALOG HERUNTELADEN<\/span><span class=\"qode-button-v2-icon-holder\" style=\"font-size: 16px\" ><span aria-hidden=\"true\" class=\"qode_icon_font_elegant arrow_carrot-right_alt2 qode-button-v2-icon-holder-inner\" ><\/span><\/span>\t<\/a>\n\n[\/vc_column][\/vc_row][vc_row css_animation=&#8220;&#8220; row_type=&#8220;row&#8220; use_row_as_full_screen_section=&#8220;no&#8220; type=&#8220;grid&#8220; angled_section=&#8220;no&#8220; text_align=&#8220;left&#8220; background_image_as_pattern=&#8220;without_pattern&#8220; z_index=&#8220;&#8220; el_id=&#8220;brand&#8220;][vc_column css=&#8220;.vc_custom_1598371354115{padding-top: 100px !important;padding-bottom: 100px !important;}&#8220;][qode_elements_holder number_of_columns=&#8220;two_columns&#8220;][qode_elements_holder_item advanced_animations=&#8220;no&#8220; item_padding=&#8220;40px&#8220;][vc_column_text]<\/p>\n<h3>Die Marken, mit denen wir arbeiten<\/h3>\n<p>[\/vc_column_text][vc_empty_space]<div class='qode_carousels_holder clearfix'><div class='qode_carousels' data-number-of-visible-items=''><ul class='slides'><li class='item'><div class=\"carousel_item_holder\"><span class='first_image_holder '><img decoding=\"async\" itemprop=\"image\" src=\"http:\/\/galta.it\/wp-content\/uploads\/2020\/08\/GLT_client-Porsche.png\" alt=\"carousel image\" \/><\/span><\/div><\/li><li class='item'><div class=\"carousel_item_holder\"><span class='first_image_holder '><img decoding=\"async\" itemprop=\"image\" src=\"http:\/\/galta.it\/wp-content\/uploads\/2020\/08\/GLT_client-Opel.png\" alt=\"carousel image\" \/><\/span><\/div><\/li><li class='item'><div class=\"carousel_item_holder\"><span class='first_image_holder '><img decoding=\"async\" itemprop=\"image\" src=\"http:\/\/galta.it\/wp-content\/uploads\/2020\/08\/GLT_client-Nissan.png\" alt=\"carousel image\" \/><\/span><\/div><\/li><li class='item'><div class=\"carousel_item_holder\"><span class='first_image_holder '><img decoding=\"async\" itemprop=\"image\" src=\"http:\/\/galta.it\/wp-content\/uploads\/2020\/08\/GLT_client-Pagani.png\" alt=\"carousel image\" \/><\/span><\/div><\/li><li class='item'><div class=\"carousel_item_holder\"><span class='first_image_holder '><img decoding=\"async\" itemprop=\"image\" src=\"http:\/\/galta.it\/wp-content\/uploads\/2020\/08\/GLT_client-Mitsubishi.png\" alt=\"carousel image\" \/><\/span><\/div><\/li><li class='item'><div class=\"carousel_item_holder\"><span class='first_image_holder '><img decoding=\"async\" itemprop=\"image\" src=\"http:\/\/galta.it\/wp-content\/uploads\/2020\/08\/GLT_client-Mini.png\" alt=\"carousel image\" \/><\/span><\/div><\/li><li class='item'><div class=\"carousel_item_holder\"><span class='first_image_holder '><img decoding=\"async\" itemprop=\"image\" src=\"http:\/\/galta.it\/wp-content\/uploads\/2020\/08\/GLT_client-MG.png\" alt=\"carousel image\" \/><\/span><\/div><\/li><li class='item'><div class=\"carousel_item_holder\"><span class='first_image_holder '><img decoding=\"async\" itemprop=\"image\" src=\"http:\/\/galta.it\/wp-content\/uploads\/2020\/08\/GLT_client-Mercedes.png\" alt=\"carousel image\" \/><\/span><\/div><\/li><li class='item'><div class=\"carousel_item_holder\"><span class='first_image_holder '><img decoding=\"async\" itemprop=\"image\" src=\"http:\/\/galta.it\/wp-content\/uploads\/2020\/08\/GLT_client-Mazda.png\" alt=\"carousel image\" \/><\/span><\/div><\/li><li class='item'><div class=\"carousel_item_holder\"><span class='first_image_holder '><img decoding=\"async\" itemprop=\"image\" src=\"http:\/\/galta.it\/wp-content\/uploads\/2020\/08\/GLT_client-Maserati.png\" alt=\"carousel image\" \/><\/span><\/div><\/li><li class='item'><div class=\"carousel_item_holder\"><span class='first_image_holder '><img decoding=\"async\" itemprop=\"image\" src=\"http:\/\/galta.it\/wp-content\/uploads\/2020\/08\/GLT_client-Lexus.png\" alt=\"carousel image\" \/><\/span><\/div><\/li><li class='item'><div class=\"carousel_item_holder\"><span class='first_image_holder '><img decoding=\"async\" itemprop=\"image\" src=\"http:\/\/galta.it\/wp-content\/uploads\/2020\/08\/GLT_client-LandRover.png\" alt=\"carousel image\" \/><\/span><\/div><\/li><li class='item'><div class=\"carousel_item_holder\"><span class='first_image_holder '><img decoding=\"async\" itemprop=\"image\" src=\"http:\/\/galta.it\/wp-content\/uploads\/2020\/08\/GLT_client-Lancia.png\" alt=\"carousel image\" \/><\/span><\/div><\/li><li class='item'><div class=\"carousel_item_holder\"><span class='first_image_holder '><img decoding=\"async\" itemprop=\"image\" src=\"http:\/\/galta.it\/wp-content\/uploads\/2020\/08\/GLT_client-Honda.png\" alt=\"carousel image\" \/><\/span><\/div><\/li><li class='item'><div class=\"carousel_item_holder\"><span class='first_image_holder '><img decoding=\"async\" itemprop=\"image\" src=\"http:\/\/galta.it\/wp-content\/uploads\/2020\/08\/GLT_client-BMW.png\" alt=\"carousel image\" \/><\/span><\/div><\/li><li class='item'><div class=\"carousel_item_holder\"><span class='first_image_holder '><img decoding=\"async\" itemprop=\"image\" src=\"http:\/\/galta.it\/wp-content\/uploads\/2020\/08\/GLT_client-Bentley.png\" alt=\"carousel image\" \/><\/span><\/div><\/li><li class='item'><div class=\"carousel_item_holder\"><span class='first_image_holder '><img decoding=\"async\" itemprop=\"image\" src=\"http:\/\/galta.it\/wp-content\/uploads\/2020\/08\/GLT_client-Alfa.png\" alt=\"carousel image\" \/><\/span><\/div><\/li><li class='item'><div class=\"carousel_item_holder\"><span class='first_image_holder '><img decoding=\"async\" itemprop=\"image\" src=\"http:\/\/galta.it\/wp-content\/uploads\/2016\/09\/GLT_client-3B.png\" alt=\"carousel image\" \/><\/span><\/div><\/li><\/ul><\/div><\/div>[\/qode_elements_holder_item][\/qode_elements_holder][\/vc_column][\/vc_row]<\/p>\n<\/div>","protected":false},"excerpt":{"rendered":"<p>[vc_row css_animation=&#8220;&#8220; row_type=&#8220;row&#8220; use_row_as_full_screen_section=&#8220;no&#8220; type=&#8220;grid&#8220; angled_section=&#8220;no&#8220; text_align=&#8220;left&#8220; background_image_as_pattern=&#8220;without_pattern&#8220; z_index=&#8220;&#8220; css=&#8220;.vc_custom_1613036903885{padding-top: 40px !important;padding-bottom: 40px !important;}&#8220;][vc_column][qode_elements_holder number_of_columns=&#8220;two_columns&#8220;][qode_elements_holder_item vertical_alignment=&#8220;top&#8220; advanced_animations=&#8220;no&#8220; item_padding=&#8220;40px&#8220;][vc_column_text] Ortsfeste und bewegliche Hebeb\u00fchnen f\u00fcr den Reifenwechsel [\/vc_column_text][vc_empty_space][vc_column_text] Speziell f\u00fcr Reifenwerkst\u00e4tten geeignet. Die R\u00e4der bleiben frei und gut zug\u00e4nglich. [\/vc_column_text][vc_empty_space][vc_column_text]Ideal f\u00fcr den Reifenwechsel dank seiner Hubgeschwindigkeit und&#8230;<\/p>\n","protected":false},"author":2,"featured_media":3134,"parent":0,"menu_order":0,"comment_status":"closed","ping_status":"closed","template":"full_width.php","meta":{"footnotes":""},"class_list":["post-3122","page","type-page","status-publish","has-post-thumbnail","hentry"],"yoast_head":"<!-- This site is optimized with the Yoast SEO plugin v26.8 - https:\/\/yoast.com\/product\/yoast-seo-wordpress\/ -->\n<title>Ortsfeste und bewegliche Hebeb\u00fchnen f\u00fcr den Reifenwechsel - Galta<\/title>\n<meta name=\"description\" content=\"Speziell f\u00fcr Reifenwerkst\u00e4tten geeignet. Die R\u00e4der bleiben frei und gut zug\u00e4nglich.Ideal f\u00fcr den Reifenwechsel dank seiner Hubgeschwindigkeit und dem einfachen Zugang zur Hubh\u00f6he, sodass der Mechaniker in aufrechter Position arbeiten kann.\" \/>\n<meta name=\"robots\" content=\"index, follow, max-snippet:-1, max-image-preview:large, max-video-preview:-1\" \/>\n<link rel=\"canonical\" href=\"https:\/\/galta.it\/de\/hebebuehnen-fuer-den-reifenwechsel\/\" \/>\n<meta property=\"og:locale\" content=\"de_DE\" \/>\n<meta property=\"og:type\" content=\"article\" \/>\n<meta property=\"og:title\" content=\"Ortsfeste und bewegliche Hebeb\u00fchnen f\u00fcr den Reifenwechsel - Galta\" \/>\n<meta property=\"og:description\" content=\"Speziell f\u00fcr Reifenwerkst\u00e4tten geeignet. Die R\u00e4der bleiben frei und gut zug\u00e4nglich.Ideal f\u00fcr den Reifenwechsel dank seiner Hubgeschwindigkeit und dem einfachen Zugang zur Hubh\u00f6he, sodass der Mechaniker in aufrechter Position arbeiten kann.\" \/>\n<meta property=\"og:url\" content=\"https:\/\/galta.it\/de\/hebebuehnen-fuer-den-reifenwechsel\/\" \/>\n<meta property=\"og:site_name\" content=\"Galta\" \/>\n<meta property=\"article:publisher\" content=\"https:\/\/www.facebook.com\/svatgroup\/\" \/>\n<meta property=\"article:modified_time\" content=\"2024-08-28T08:20:19+00:00\" \/>\n<meta property=\"og:image\" content=\"https:\/\/galta.it\/wp-content\/uploads\/2021\/09\/GLT_PontiFissiMobiliCambioGomme-cover.jpg\" \/>\n\t<meta property=\"og:image:width\" content=\"900\" \/>\n\t<meta property=\"og:image:height\" content=\"700\" \/>\n\t<meta property=\"og:image:type\" content=\"image\/jpeg\" \/>\n<meta name=\"twitter:card\" content=\"summary_large_image\" \/>\n<meta name=\"twitter:label1\" content=\"Gesch\u00e4tzte Lesezeit\" \/>\n\t<meta name=\"twitter:data1\" content=\"2\u00a0Minuten\" \/>\n<script type=\"application\/ld+json\" class=\"yoast-schema-graph\">{\"@context\":\"https:\/\/schema.org\",\"@graph\":[{\"@type\":\"WebPage\",\"@id\":\"https:\/\/galta.it\/de\/hebebuehnen-fuer-den-reifenwechsel\/\",\"url\":\"https:\/\/galta.it\/de\/hebebuehnen-fuer-den-reifenwechsel\/\",\"name\":\"Ortsfeste und bewegliche Hebeb\u00fchnen f\u00fcr den Reifenwechsel - Galta\",\"isPartOf\":{\"@id\":\"https:\/\/galta.it\/it\/#website\"},\"primaryImageOfPage\":{\"@id\":\"https:\/\/galta.it\/de\/hebebuehnen-fuer-den-reifenwechsel\/#primaryimage\"},\"image\":{\"@id\":\"https:\/\/galta.it\/de\/hebebuehnen-fuer-den-reifenwechsel\/#primaryimage\"},\"thumbnailUrl\":\"https:\/\/galta.it\/wp-content\/uploads\/2021\/09\/GLT_PontiFissiMobiliCambioGomme-cover.jpg\",\"datePublished\":\"2021-07-26T13:34:43+00:00\",\"dateModified\":\"2024-08-28T08:20:19+00:00\",\"description\":\"Speziell f\u00fcr Reifenwerkst\u00e4tten geeignet. Die R\u00e4der bleiben frei und gut zug\u00e4nglich.Ideal f\u00fcr den Reifenwechsel dank seiner Hubgeschwindigkeit und dem einfachen Zugang zur Hubh\u00f6he, sodass der Mechaniker in aufrechter Position arbeiten kann.\",\"breadcrumb\":{\"@id\":\"https:\/\/galta.it\/de\/hebebuehnen-fuer-den-reifenwechsel\/#breadcrumb\"},\"inLanguage\":\"de\",\"potentialAction\":[{\"@type\":\"ReadAction\",\"target\":[\"https:\/\/galta.it\/de\/hebebuehnen-fuer-den-reifenwechsel\/\"]}]},{\"@type\":\"ImageObject\",\"inLanguage\":\"de\",\"@id\":\"https:\/\/galta.it\/de\/hebebuehnen-fuer-den-reifenwechsel\/#primaryimage\",\"url\":\"https:\/\/galta.it\/wp-content\/uploads\/2021\/09\/GLT_PontiFissiMobiliCambioGomme-cover.jpg\",\"contentUrl\":\"https:\/\/galta.it\/wp-content\/uploads\/2021\/09\/GLT_PontiFissiMobiliCambioGomme-cover.jpg\",\"width\":900,\"height\":700},{\"@type\":\"BreadcrumbList\",\"@id\":\"https:\/\/galta.it\/de\/hebebuehnen-fuer-den-reifenwechsel\/#breadcrumb\",\"itemListElement\":[{\"@type\":\"ListItem\",\"position\":1,\"name\":\"Home\",\"item\":\"https:\/\/galta.it\/de\/\"},{\"@type\":\"ListItem\",\"position\":2,\"name\":\"Ortsfeste und bewegliche Hebeb\u00fchnen f\u00fcr den Reifenwechsel\"}]},{\"@type\":\"WebSite\",\"@id\":\"https:\/\/galta.it\/it\/#website\",\"url\":\"https:\/\/galta.it\/it\/\",\"name\":\"Galta\",\"description\":\"Sollevatori Galta\",\"publisher\":{\"@id\":\"https:\/\/galta.it\/it\/#organization\"},\"potentialAction\":[{\"@type\":\"SearchAction\",\"target\":{\"@type\":\"EntryPoint\",\"urlTemplate\":\"https:\/\/galta.it\/it\/?s={search_term_string}\"},\"query-input\":{\"@type\":\"PropertyValueSpecification\",\"valueRequired\":true,\"valueName\":\"search_term_string\"}}],\"inLanguage\":\"de\"},{\"@type\":\"Organization\",\"@id\":\"https:\/\/galta.it\/it\/#organization\",\"name\":\"SVAT spa\",\"url\":\"https:\/\/galta.it\/it\/\",\"logo\":{\"@type\":\"ImageObject\",\"inLanguage\":\"de\",\"@id\":\"https:\/\/galta.it\/it\/#\/schema\/logo\/image\/\",\"url\":\"\",\"contentUrl\":\"\",\"caption\":\"SVAT spa\"},\"image\":{\"@id\":\"https:\/\/galta.it\/it\/#\/schema\/logo\/image\/\"},\"sameAs\":[\"https:\/\/www.facebook.com\/svatgroup\/\",\"https:\/\/www.instagram.com\/svatgroup\/\",\"https:\/\/www.linkedin.com\/company\/svatgroup\"]}]}<\/script>\n<!-- \/ Yoast SEO plugin. -->","yoast_head_json":{"title":"Ortsfeste und bewegliche Hebeb\u00fchnen f\u00fcr den Reifenwechsel - Galta","description":"Speziell f\u00fcr Reifenwerkst\u00e4tten geeignet. Die R\u00e4der bleiben frei und gut zug\u00e4nglich.Ideal f\u00fcr den Reifenwechsel dank seiner Hubgeschwindigkeit und dem einfachen Zugang zur Hubh\u00f6he, sodass der Mechaniker in aufrechter Position arbeiten kann.","robots":{"index":"index","follow":"follow","max-snippet":"max-snippet:-1","max-image-preview":"max-image-preview:large","max-video-preview":"max-video-preview:-1"},"canonical":"https:\/\/galta.it\/de\/hebebuehnen-fuer-den-reifenwechsel\/","og_locale":"de_DE","og_type":"article","og_title":"Ortsfeste und bewegliche Hebeb\u00fchnen f\u00fcr den Reifenwechsel - Galta","og_description":"Speziell f\u00fcr Reifenwerkst\u00e4tten geeignet. Die R\u00e4der bleiben frei und gut zug\u00e4nglich.Ideal f\u00fcr den Reifenwechsel dank seiner Hubgeschwindigkeit und dem einfachen Zugang zur Hubh\u00f6he, sodass der Mechaniker in aufrechter Position arbeiten kann.","og_url":"https:\/\/galta.it\/de\/hebebuehnen-fuer-den-reifenwechsel\/","og_site_name":"Galta","article_publisher":"https:\/\/www.facebook.com\/svatgroup\/","article_modified_time":"2024-08-28T08:20:19+00:00","og_image":[{"width":900,"height":700,"url":"https:\/\/galta.it\/wp-content\/uploads\/2021\/09\/GLT_PontiFissiMobiliCambioGomme-cover.jpg","type":"image\/jpeg"}],"twitter_card":"summary_large_image","twitter_misc":{"Gesch\u00e4tzte Lesezeit":"2\u00a0Minuten"},"schema":{"@context":"https:\/\/schema.org","@graph":[{"@type":"WebPage","@id":"https:\/\/galta.it\/de\/hebebuehnen-fuer-den-reifenwechsel\/","url":"https:\/\/galta.it\/de\/hebebuehnen-fuer-den-reifenwechsel\/","name":"Ortsfeste und bewegliche Hebeb\u00fchnen f\u00fcr den Reifenwechsel - Galta","isPartOf":{"@id":"https:\/\/galta.it\/it\/#website"},"primaryImageOfPage":{"@id":"https:\/\/galta.it\/de\/hebebuehnen-fuer-den-reifenwechsel\/#primaryimage"},"image":{"@id":"https:\/\/galta.it\/de\/hebebuehnen-fuer-den-reifenwechsel\/#primaryimage"},"thumbnailUrl":"https:\/\/galta.it\/wp-content\/uploads\/2021\/09\/GLT_PontiFissiMobiliCambioGomme-cover.jpg","datePublished":"2021-07-26T13:34:43+00:00","dateModified":"2024-08-28T08:20:19+00:00","description":"Speziell f\u00fcr Reifenwerkst\u00e4tten geeignet. Die R\u00e4der bleiben frei und gut zug\u00e4nglich.Ideal f\u00fcr den Reifenwechsel dank seiner Hubgeschwindigkeit und dem einfachen Zugang zur Hubh\u00f6he, sodass der Mechaniker in aufrechter Position arbeiten kann.","breadcrumb":{"@id":"https:\/\/galta.it\/de\/hebebuehnen-fuer-den-reifenwechsel\/#breadcrumb"},"inLanguage":"de","potentialAction":[{"@type":"ReadAction","target":["https:\/\/galta.it\/de\/hebebuehnen-fuer-den-reifenwechsel\/"]}]},{"@type":"ImageObject","inLanguage":"de","@id":"https:\/\/galta.it\/de\/hebebuehnen-fuer-den-reifenwechsel\/#primaryimage","url":"https:\/\/galta.it\/wp-content\/uploads\/2021\/09\/GLT_PontiFissiMobiliCambioGomme-cover.jpg","contentUrl":"https:\/\/galta.it\/wp-content\/uploads\/2021\/09\/GLT_PontiFissiMobiliCambioGomme-cover.jpg","width":900,"height":700},{"@type":"BreadcrumbList","@id":"https:\/\/galta.it\/de\/hebebuehnen-fuer-den-reifenwechsel\/#breadcrumb","itemListElement":[{"@type":"ListItem","position":1,"name":"Home","item":"https:\/\/galta.it\/de\/"},{"@type":"ListItem","position":2,"name":"Ortsfeste und bewegliche Hebeb\u00fchnen f\u00fcr den Reifenwechsel"}]},{"@type":"WebSite","@id":"https:\/\/galta.it\/it\/#website","url":"https:\/\/galta.it\/it\/","name":"Galta","description":"Sollevatori Galta","publisher":{"@id":"https:\/\/galta.it\/it\/#organization"},"potentialAction":[{"@type":"SearchAction","target":{"@type":"EntryPoint","urlTemplate":"https:\/\/galta.it\/it\/?s={search_term_string}"},"query-input":{"@type":"PropertyValueSpecification","valueRequired":true,"valueName":"search_term_string"}}],"inLanguage":"de"},{"@type":"Organization","@id":"https:\/\/galta.it\/it\/#organization","name":"SVAT spa","url":"https:\/\/galta.it\/it\/","logo":{"@type":"ImageObject","inLanguage":"de","@id":"https:\/\/galta.it\/it\/#\/schema\/logo\/image\/","url":"","contentUrl":"","caption":"SVAT spa"},"image":{"@id":"https:\/\/galta.it\/it\/#\/schema\/logo\/image\/"},"sameAs":["https:\/\/www.facebook.com\/svatgroup\/","https:\/\/www.instagram.com\/svatgroup\/","https:\/\/www.linkedin.com\/company\/svatgroup"]}]}},"_links":{"self":[{"href":"https:\/\/galta.it\/de\/wp-json\/wp\/v2\/pages\/3122","targetHints":{"allow":["GET"]}}],"collection":[{"href":"https:\/\/galta.it\/de\/wp-json\/wp\/v2\/pages"}],"about":[{"href":"https:\/\/galta.it\/de\/wp-json\/wp\/v2\/types\/page"}],"author":[{"embeddable":true,"href":"https:\/\/galta.it\/de\/wp-json\/wp\/v2\/users\/2"}],"replies":[{"embeddable":true,"href":"https:\/\/galta.it\/de\/wp-json\/wp\/v2\/comments?post=3122"}],"version-history":[{"count":8,"href":"https:\/\/galta.it\/de\/wp-json\/wp\/v2\/pages\/3122\/revisions"}],"predecessor-version":[{"id":3498,"href":"https:\/\/galta.it\/de\/wp-json\/wp\/v2\/pages\/3122\/revisions\/3498"}],"wp:featuredmedia":[{"embeddable":true,"href":"https:\/\/galta.it\/de\/wp-json\/wp\/v2\/media\/3134"}],"wp:attachment":[{"href":"https:\/\/galta.it\/de\/wp-json\/wp\/v2\/media?parent=3122"}],"curies":[{"name":"wp","href":"https:\/\/api.w.org\/{rel}","templated":true}]}}